{"id":18,"date":"2015-09-17T17:42:45","date_gmt":"2015-09-17T15:42:45","guid":{"rendered":"http:\/\/themes.muffingroup.com\/be\/zoo\/?page_id=18"},"modified":"2022-02-18T21:46:34","modified_gmt":"2022-02-18T20:46:34","slug":"the-zoo","status":"publish","type":"page","link":"https:\/\/pasqualedilieto.com\/?page_id=18&lang=it","title":{"rendered":"Chi siamo"},"content":{"rendered":"<p>[vc_row][vc_column width=&#8221;1\/2&#8243;][vc_single_image image=&#8221;422&#8243; img_size=&#8221;full&#8221; css_animation=&#8221;fadeInLeft&#8221;][\/vc_column][vc_column width=&#8221;1\/2&#8243;][vc_column_text css_animation=&#8221;fadeInRight&#8221;]<\/p>\n<h1>Mercedes Viano 7 Posti<\/h1>\n<p>Il nuovo Viano ha tutto ci\u00f2 che serve a un veicolo ideale per le famiglie. Con molto spazio per un massimo di otto persone e un abitacolo particolarmente flessibile, offre le migliori condizioni per le vostre escursioni nei luoghi pi\u00f9 belli del mondo: asili, campi da calcio, centri commerciali, localit\u00e0 di vacanza e parchi di divertimenti. E naturalmente porta con s\u00e9 anche quelle qualit\u00e0 di cui Mercedes-Benz \u00e8 da sempre sinonimo: un ampio pacchetto di sicurezza, alto livello di comfort e funzionalit\u00e0 esemplare.[\/vc_column_text][\/vc_column][\/vc_row][vc_row][vc_column width=&#8221;1\/2&#8243;][vc_column_text css_animation=&#8221;fadeInLeft&#8221;]<\/p>\n<h1>Mercedes Berlina 5 posti<\/h1>\n<p>La Mercedes Berlina\u00a0combina alla perfezione eleganza e dinamismo in autostrada. \u00c8 la berlina business ideale.[\/vc_column_text][\/vc_column][vc_column width=&#8221;1\/2&#8243;][vc_single_image image=&#8221;424&#8243; img_size=&#8221;full&#8221; alignment=&#8221;right&#8221; css_animation=&#8221;fadeInRight&#8221;][\/vc_column][\/vc_row]<\/p>\n","protected":false},"excerpt":{"rendered":"<p>[vc_row][vc_column width=&#8221;1\/2&#8243;][vc_single_image image=&#8221;422&#8243; img_size=&#8221;full&#8221; css_animation=&#8221;fadeInLeft&#8221;][\/vc_column][vc_column width=&#8221;1\/2&#8243;][vc_column_text css_animation=&#8221;fadeInRight&#8221;] Mercedes Viano 7 Posti Il nuovo Viano ha tutto ci\u00f2 che serve a un veicolo ideale per le famiglie.<span class=\"excerpt-hellip\"> [\u2026]<\/span><\/p>\n","protected":false},"author":1,"featured_media":0,"parent":0,"menu_order":0,"comment_status":"closed","ping_status":"closed","template":"","meta":[],"_links":{"self":[{"href":"https:\/\/pasqualedilieto.com\/index.php?rest_route=\/wp\/v2\/pages\/18"}],"collection":[{"href":"https:\/\/pasqualedilieto.com\/index.php?rest_route=\/wp\/v2\/pages"}],"about":[{"href":"https:\/\/pasqualedilieto.com\/index.php?rest_route=\/wp\/v2\/types\/page"}],"author":[{"embeddable":true,"href":"https:\/\/pasqualedilieto.com\/index.php?rest_route=\/wp\/v2\/users\/1"}],"replies":[{"embeddable":true,"href":"https:\/\/pasqualedilieto.com\/index.php?rest_route=%2Fwp%2Fv2%2Fcomments&post=18"}],"version-history":[{"count":22,"href":"https:\/\/pasqualedilieto.com\/index.php?rest_route=\/wp\/v2\/pages\/18\/revisions"}],"predecessor-version":[{"id":707,"href":"https:\/\/pasqualedilieto.com\/index.php?rest_route=\/wp\/v2\/pages\/18\/revisions\/707"}],"wp:attachment":[{"href":"https:\/\/pasqualedilieto.com\/index.php?rest_route=%2Fwp%2Fv2%2Fmedia&parent=18"}],"curies":[{"name":"wp","href":"https:\/\/api.w.org\/{rel}","templated":true}]}}