{"id":22,"date":"2015-09-17T17:43:09","date_gmt":"2015-09-17T15:43:09","guid":{"rendered":"http:\/\/themes.muffingroup.com\/be\/zoo\/?page_id=22"},"modified":"2022-02-18T21:55:06","modified_gmt":"2022-02-18T20:55:06","slug":"tickets","status":"publish","type":"page","link":"https:\/\/pasqualedilieto.com\/?page_id=22&lang=it","title":{"rendered":"Trasferimenti ed escursioni"},"content":{"rendered":"<p>[vc_row css=&#8221;.vc_custom_1494855930479{padding-bottom: 20px !important;}&#8221;][vc_column css_animation=&#8221;fadeInUp&#8221; css=&#8221;.vc_custom_1494855951421{padding-bottom: 40px !important;}&#8221;]<div class=\"fancy_heading fancy_heading_icon\"><h2 class=\"title\">Le escursioni ideate per te<\/h2><div class=\"inside\"><\/p>\n<h6>Ecco per te una lista di escursioni ideate per farti conoscere i posti pi\u00f9 incantevoli della Campania<\/h6>\n<p><\/div><\/div>\n[\/vc_column][\/vc_row][vc_row css=&#8221;.vc_custom_1494855995958{padding-top: 20px !important;}&#8221;][vc_column][vc_row_inner][vc_column_inner width=&#8221;1\/2&#8243;][vc_column_text css_animation=&#8221;fadeInLeft&#8221;]<\/p>\n<h1><strong>Amalfi<\/strong><\/h1>\n<p>La citt\u00e0, adagiata su un pendio allo sbocco della valle dei Mulini, ha case bianche disposte tra strette vie coperte. Antica Repubblica Marinara, la nobile Amalfi commerciava con l&#8217;Oriente prima di Venezia e di Genova e ancora oggi sono visibili le influenze arabe tra gli archi, le chiese e le volte degli arsenali medievali.<\/p>\n<p>Dominata dal maestoso Duomo dedicato a Sant\u2019Andrea, offre interessanti testimonianze del suo glorioso passato di Repubblica marinara[\/vc_column_text][\/vc_column_inner][vc_column_inner width=&#8221;1\/2&#8243;][vc_gallery interval=&#8221;3&#8243; images=&#8221;528,529,530,531&#8243; img_size=&#8221;full&#8221; onclick=&#8221;&#8221; css_animation=&#8221;fadeInRight&#8221;][\/vc_column_inner][\/vc_row_inner][vc_row_inner][vc_column_inner width=&#8221;1\/2&#8243;][vc_gallery interval=&#8221;3&#8243; images=&#8221;533,534,535&#8243; img_size=&#8221;full&#8221; css_animation=&#8221;fadeInLeft&#8221;][\/vc_column_inner][vc_column_inner width=&#8221;1\/2&#8243;][vc_column_text css_animation=&#8221;fadeInRight&#8221;]<\/p>\n<h1><strong>Ravello<\/strong><\/h1>\n<p>Un\u2019altra perla della costiera \u00e8&nbsp;Ravello, un borgo elegante e raffinato, immerso nel verde e caratterizzato da ville signorili. Famoso nel mondo per il suo Festival ambientato nei giardini di Villa Rufolo, dove una scenografia suggestiva si unisce all\u2019emozione della grande musica per regalare un\u2019esperienza di straordinaria intensit\u00e0. Cuore di Ravello&nbsp;\u00e8 piazza Vescovado incorniciata dalle architetture di Palazzo Rufolo e della Cattedrale con il magnifico portale, il primo realizzato con una tecnica innovativa a stampo, e l\u2019alto campanile di 35 metri.[\/vc_column_text][\/vc_column_inner][\/vc_row_inner][vc_row_inner][vc_column_inner width=&#8221;1\/2&#8243;][vc_column_text css_animation=&#8221;fadeInLeft&#8221;]<\/p>\n<h1><strong>Positano<\/strong><\/h1>\n<p>Un autentico angolo di paradiso, un paese-presepe che, dalla spiaggia grande, si sviluppa in verticale, in una intricata sovrapposizione di strade, vicoli e negozi che espongono i coloratissimi abiti della Moda Positano nota in tutto il mondo.<br \/>\nAl centro di Positano, spicca la grande cupola maiolicata della chiesa parrocchiale di Santa Maria Assunta che custodisce alcune preziose opere, tra cui alcuni altari in marmo policromo. Di fronte, le \u201cSirenuse\u201d, quattro isolotti incastonati nella distesa azzurra di del mare.[\/vc_column_text][\/vc_column_inner][vc_column_inner width=&#8221;1\/2&#8243;][vc_gallery interval=&#8221;3&#8243; images=&#8221;538,539,537&#8243; img_size=&#8221;full&#8221; css_animation=&#8221;fadeInRight&#8221;][\/vc_column_inner][\/vc_row_inner][vc_row_inner][vc_column_inner width=&#8221;1\/2&#8243;][vc_gallery interval=&#8221;3&#8243; images=&#8221;540,541,542&#8243; img_size=&#8221;full&#8221; css_animation=&#8221;fadeInLeft&#8221;][\/vc_column_inner][vc_column_inner width=&#8221;1\/2&#8243;][vc_column_text css_animation=&#8221;fadeInRight&#8221;]<\/p>\n<h1><strong>Sorrento<\/strong><\/h1>\n<p>Sorrento \u00e8 un luogo molto piacevole, sulla costa settentrionale della omonima penisola sorrentina.<br \/>\nLa sua splendida posizione, ne fa un centro turistico e balneare di fama mondiale.<br \/>\nDi probabile origine greca, fu controllata dai romani nell&#8217;89 a.c.<br \/>\nConserva interessanti monumenti tra cui, avanzi di ville romane, il duomo (XI sec.), la villa Correale di Terranova, Palazzo Verniero.<br \/>\nI colori del paesaggio stupiscono sempre, anche chi li conosce da una vita.<br \/>\nLa citt\u00e0 si trova ai piedi di un maestoso costone di tufo che cambia colore ad ogni ora del giorno, e davanti, naturalmente, il mare.[\/vc_column_text][\/vc_column_inner][\/vc_row_inner][vc_row_inner][vc_column_inner width=&#8221;1\/2&#8243;][vc_column_text css_animation=&#8221;fadeInLeft&#8221;]<\/p>\n<h1><strong>Pompei<\/strong><\/h1>\n<p>la citt\u00e0 di Pompei raccoglie in se due mondi molto distanti: da un lato ci\u00f2 che resta di una delle pi\u00f9 ricche citt\u00e0 dell&#8217;impero romano e dall&#8217;altro la spiritualit\u00e0 cristiana, testimoniata dai tanti pellegrini in visita al rinomato Santuario dedicato alla Beata Vergine del rosario di Pompei, testimonianza tangibile della devozione verso la Madonna. Il mondo pagano e quello cristiano convivono a meno di 800 metri di distanza, vicini nello spazio, lontani nei principi e nelle aspirazioni, conseguenti nel tempo.<\/p>\n<p>Pompei \u00e8 nota in tutto il mondo per la tragedia che l&#8217; ha colpita nel 79 d.C., quando la ricca citt\u00e0 romana fu sepolta dall&#8217;eruzione del Vesuvio, insieme a Stabiae, Oplontis ed Ercolano. Una immane tragedia che, per\u00f2, ci ha permesso di ritrovare intatta, dopo quasi duemila anni, una testimonianza storica vitale, uno spaccato di vita comune nel pi\u00f9 grande impero dell&#8217;antichit\u00e0.<br \/>\nGli scavi permettono al turista un salto nel tempo, un&#8217; immersione totale, in un mondo scomparso di cui la nostra civilt\u00e0 occidentale reca il &#8220;DNA&#8221; e che si mostra senza lustrini o trucchi, ma con le sue grandezze e le sue miserie. Gli scavi ci permettono di visitare il salotto buono dei templi, gli edifici pubblici, le ricche ville patrizie, ma anche di passeggiare tra le antiche botteghe, le case popolari, le &#8220;osterie&#8221; e i lupanari, dove il cittadino comune dipanava la sua vita.[\/vc_column_text][\/vc_column_inner][vc_column_inner width=&#8221;1\/2&#8243;][vc_gallery interval=&#8221;3&#8243; images=&#8221;543,544,545&#8243; img_size=&#8221;full&#8221; css_animation=&#8221;fadeInRight&#8221;][\/vc_column_inner][\/vc_row_inner][vc_row_inner][vc_column_inner width=&#8221;1\/2&#8243;][vc_gallery interval=&#8221;3&#8243; images=&#8221;546,547&#8243; img_size=&#8221;full&#8221; css_animation=&#8221;fadeInLeft&#8221;][\/vc_column_inner][vc_column_inner width=&#8221;1\/2&#8243;][vc_column_text css_animation=&#8221;fadeInRight&#8221;]<\/p>\n<h1><strong>Ercolano<\/strong><\/h1>\n<p>Nata in et\u00e0 arcaica ed interessata inizialmente da un insediamento indigeno, la citt\u00e0 \u00e8 stata successivamente esposta alle influenze sannitiche, greche, etrusche, fino alla preponderante presenza romana, la cui civilt\u00e0 \u00e8 oggi testimoniata dall&#8217;eccezionale stato di conservazione. Situata su un pianoro vulcanico, a picco sul mare, Ercolano, come le altre citt\u00e0 vesuviane, \u00e8 stata coperta dall&#8217;eruzione del Vesuvio del 79 d.C. i cui prodotti, depositandosi, la seppellirono fino a raggiungere uno spessore di ventitre metri. La citt\u00e0 fu riportata alla luce durante gli scavi condotti dai Borbone, a partire da un ritrovamento casuale effettuato in corrispondenza del teatro antico di Ercolano. Quello che rimane degli antichi cunicoli borbonici ci testimonia una tecnica di scavo, per gallerie parallele, ormai superata ma ancora molto suggestiva da osservare. Gli scavi offrono al visitatore la possibilit\u00e0 di osservare il tessuto urbano, la distribuzione delle case, alcune delle quali collocate in posizione scenografica di fronte al mare, il magnifico complesso termale, la sontuosa palestra e la monumentale basilica. Il perfetto stato di conservazione dei legni, delle parti in bronzo e soprattutto degli alzati delle case, restituisce un quadro completo sia dell&#8217;edilizia residenziale, che permette di ricostruire la vita quotidiana e il modo di abitare, sia dei vari stili della pittura vesuviana.[\/vc_column_text][\/vc_column_inner][\/vc_row_inner][vc_row_inner][vc_column_inner width=&#8221;1\/2&#8243;][vc_column_text css_animation=&#8221;fadeInLeft&#8221;]<\/p>\n<h1><strong>Vesuvio<\/strong><\/h1>\n<p>L&#8217;unico vulcano ancora attivo del continente europeo, situato nella Campania a est di Napoli. \u00c8 il vulcano pi\u00f9 studiato e meglio conosciuto della Terra.<\/p>\n<p>Il Vesuvio \u00e8 uno dei pi\u00f9 tipici vulcani a recinto, formato cio\u00e8 di due coni concentrici, l&#8217;uno nell&#8217;altro, di cui quello esterno \u00e8 un vulcano formatosi in epoca anteriore, quello interno in epoca pi\u00f9 recente. Sono anche vulcani a recinto: l&#8217;isola Barren nell&#8217;Oceano Indiano, l&#8217;isola Fogo nell&#8217;arcipelago del Capo Verde, l&#8217;isola Santorino nelle Cicladi; e, Italia, i vulcani di Roccamonfina, l&#8217;Epomeo, Astroni, Capodimonte.<\/p>\n<p>Anche quindi per il Vesuvio si tratta di un grande vulcano esterno decapitato, sventrato, che include un cono secondario, che \u00e8 quello attualmente attivo. La circonferenza della base del cono esterno, il Somma, \u00e8 circa 75 km., ed \u00e8 percorsa completamente dalla ferrovia circumvesuviana. La circonferenza degli orli del cratere del Somma \u00e8 circa 12. km., con un diametro di 3500 m. La pi\u00f9 alta vetta del Somma, punta Nasone, \u00e8 a SO., e attualmente \u00e8 a metri 1132 s. m.[\/vc_column_text][\/vc_column_inner][vc_column_inner width=&#8221;1\/2&#8243;][vc_gallery interval=&#8221;3&#8243; images=&#8221;548,549,550&#8243; img_size=&#8221;full&#8221; css_animation=&#8221;fadeInRight&#8221;][\/vc_column_inner][\/vc_row_inner][vc_row_inner][vc_column_inner width=&#8221;1\/2&#8243;][vc_gallery interval=&#8221;3&#8243; images=&#8221;551,552,553,554,555&#8243; img_size=&#8221;full&#8221; css_animation=&#8221;fadeInLeft&#8221;][\/vc_column_inner][vc_column_inner width=&#8221;1\/2&#8243;][vc_column_text css_animation=&#8221;fadeInRight&#8221;]<\/p>\n<h1>Napoli antica<\/h1>\n<p>L&#8217;attuale centro storico della citt\u00e0 di Napoli, dichiarato nel 1995 Patrimonio Mondiale dell&#8217;Unesco, si sovrappone in maniera incredibilmente precisa all&#8217;assetto urbanistico dell&#8217;antica citt\u00e0 di Neapolis, come questa si presentava nel periodo di suo massimo sviluppo. Visitando il centro storico, \u00e8 cos\u00ec possibile oggi individuare un&#8217;infinit\u00e0 di siti ricchi di tracce del prestigioso passato; il viaggio alla scoperta della Napoli delle origini pu\u00f2 poi essere completato nei musei cittadini, in primis nel&nbsp;Museo Archeologico Nazionale[\/vc_column_text][\/vc_column_inner][\/vc_row_inner][vc_row_inner][vc_column_inner width=&#8221;1\/2&#8243;][vc_column_text css_animation=&#8221;fadeInLeft&#8221;]<\/p>\n<h1>Paestum<\/h1>\n<p><strong>Localit\u00e0 archeologica<\/strong> di importanza capitale, Paestum \u00e8 anche una bellissima <strong>localit\u00e0 balneare<\/strong> grazie alla sua lunga spiaggia nascosta dietro una bella pineta.<\/p>\n<p>Fronte del tempio di Nettuno, Paestum Il tempio di Nettuno (o Poseid\u00f2nion), a Paestum, risale alla met\u00e0 del V secolo a. C. Dedicato in realt\u00e0 a Hera Argiva, dea della fecondit\u00e0, costituisce uno splendido esempio di architettura templare di ordine dorico. Le 36 colonne scanalate del portico, con accentuato rigonfiamento a circa met\u00e0 del fusto (detto \u00e9ntasi), sono coronate da capitelli quasi integri. Notevoli per il buono stato di conservazione sono inoltre i frontoni triangolari, sui lati corti nel tempio. Tempio di Cerere, Paestum Forse dedicato ad Atena, in base ai pi\u00f9 recenti rinvenimenti archeologici, l&#8217;edificio magnogreco generalmente indicato come tempio di Cerere, a Paestum, fu eretto alla fine del VI secolo a.C. Del complesso originario si sono conservati il portico di 34 colonne doriche, l&#8217;architrave della trabeazione e parte dei frontoni. Tempio di Era, Paestum Noto anche come Basilica, il tempio di Era a Paestum risale alla met\u00e0 circa del VI secolo a.C. Caduto il tetto e i frontoni, il monumento conserva quasi integro il porticato, composto di 50 colonne doriche fortemente rastremate nella parte superiore. Tempio di Nettuno, Paestum Il tempio detto &#8220;di Nettuno&#8221; \u00e8 il pi\u00f9 grande e meglio conservato dei templi di Paestum, fondata nel VII secolo a.C. da coloni greci. Per molto tempo si \u00e8 creduto che il monumento fosse consacrato a Nettuno \u2013 il Poseidone greco dal quale la citt\u00e0 prese il nome \u2013 ma pi\u00f9 verosimilmente era dedicato al culto di Era. La sua struttura grandiosa e possente e l&#8217;armonia delle proporzioni ne fanno uno degli esempi pi\u00f9 alti dell&#8217;architettura dorica in Occidente.[\/vc_column_text][\/vc_column_inner][vc_column_inner width=&#8221;1\/2&#8243;][vc_gallery interval=&#8221;3&#8243; images=&#8221;672,673,674&#8243; img_size=&#8221;full&#8221; css_animation=&#8221;fadeInRight&#8221;][\/vc_column_inner][\/vc_row_inner][vc_row_inner][vc_column_inner width=&#8221;1\/2&#8243;][vc_gallery interval=&#8221;3&#8243; images=&#8221;694,695,696&#8243; img_size=&#8221;full&#8221; css_animation=&#8221;fadeInLeft&#8221;][\/vc_column_inner][vc_column_inner width=&#8221;1\/2&#8243;][vc_column_text css_animation=&#8221;fadeInRight&#8221;]<\/p>\n<h1>Mozzarella Tour<\/h1>\n<p>Visita guidata di un produttore di formaggi di Mozzarella a conduzione familiare. Durante questa favolosa escursione potrete gustare un tour personalizzato della fabbrica di formaggi e conoscere il processo di preparazione della deliziosa mozzarella di Bufala Campana &#8211; considerata la migliore del mondo! Sarai invitato nella struttura a vedere l&#8217;autentica produzione di formaggio di mozzarella e imparare come viene prodotta da questa famiglia da oltre mezzo secolo; Dalla prima goccia di latte alla deliziosa formaggio mozzarella fresca.[\/vc_column_text][\/vc_column_inner][\/vc_row_inner][vc_row_inner][vc_column_inner width=&#8221;1\/2&#8243;][vc_column_text css_animation=&#8221;fadeInLeft&#8221;]<\/p>\n<h1>Tour dei vini<\/h1>\n<p>La Campania \u00e8 una delle regioni d\u2019Italia, dove la coltivazione della vite ha origini antichissime. Gi\u00e0 ai tempi dell\u2019Impero Romano la regione era famosa per i suoi vini, come il Falerno, che ancora oggi viene prodotto anche nella regione.<\/p>\n<p>Ecco alcuni nomi di variet\u00e0 di uve che crescono nella regione: Falanghina, Grco di Tufo, Coda di volpe,&nbsp;Gaglioppo,&nbsp;Sciascinoso.[\/vc_column_text][\/vc_column_inner][vc_column_inner width=&#8221;1\/2&#8243;][vc_gallery interval=&#8221;3&#8243; images=&#8221;697,698,699,700&#8243; img_size=&#8221;full&#8221; css_animation=&#8221;fadeInRight&#8221;][\/vc_column_inner][\/vc_row_inner][\/vc_column][\/vc_row]<\/p>\n","protected":false},"excerpt":{"rendered":"<p>[vc_row css=&#8221;.vc_custom_1494855930479{padding-bottom: 20px !important;}&#8221;][vc_column css_animation=&#8221;fadeInUp&#8221; css=&#8221;.vc_custom_1494855951421{padding-bottom: 40px !important;}&#8221;][\/vc_column][\/vc_row][vc_row css=&#8221;.vc_custom_1494855995958{padding-top: 20px !important;}&#8221;][vc_column][vc_row_inner][vc_column_inner width=&#8221;1\/2&#8243;][vc_column_text css_animation=&#8221;fadeInLeft&#8221;] Amalfi La citt\u00e0, adagiata su un pendio allo sbocco della valle dei Mulini,<span class=\"excerpt-hellip\"> [\u2026]<\/span><\/p>\n","protected":false},"author":1,"featured_media":0,"parent":0,"menu_order":0,"comment_status":"closed","ping_status":"closed","template":"","meta":[],"_links":{"self":[{"href":"https:\/\/pasqualedilieto.com\/index.php?rest_route=\/wp\/v2\/pages\/22"}],"collection":[{"href":"https:\/\/pasqualedilieto.com\/index.php?rest_route=\/wp\/v2\/pages"}],"about":[{"href":"https:\/\/pasqualedilieto.com\/index.php?rest_route=\/wp\/v2\/types\/page"}],"author":[{"embeddable":true,"href":"https:\/\/pasqualedilieto.com\/index.php?rest_route=\/wp\/v2\/users\/1"}],"replies":[{"embeddable":true,"href":"https:\/\/pasqualedilieto.com\/index.php?rest_route=%2Fwp%2Fv2%2Fcomments&post=22"}],"version-history":[{"count":150,"href":"https:\/\/pasqualedilieto.com\/index.php?rest_route=\/wp\/v2\/pages\/22\/revisions"}],"predecessor-version":[{"id":710,"href":"https:\/\/pasqualedilieto.com\/index.php?rest_route=\/wp\/v2\/pages\/22\/revisions\/710"}],"wp:attachment":[{"href":"https:\/\/pasqualedilieto.com\/index.php?rest_route=%2Fwp%2Fv2%2Fmedia&parent=22"}],"curies":[{"name":"wp","href":"https:\/\/api.w.org\/{rel}","templated":true}]}}